{"id":3209,"date":"2025-08-07T11:14:32","date_gmt":"2025-08-07T09:14:32","guid":{"rendered":"https:\/\/limagne-athlete-endurance.fr\/lae_wp\/?page_id=3209"},"modified":"2025-12-07T07:53:34","modified_gmt":"2025-12-07T06:53:34","slug":"inscriptions","status":"publish","type":"page","link":"https:\/\/limagne-athlete-endurance.fr\/lae_wp\/inscriptions\/","title":{"rendered":"Inscriptions"},"content":{"rendered":"\n<h2 class=\"wp-block-heading\">Inscriptions 2025-2026<\/h2>\n\n\n\n<p><\/p>\n\n\n\n<p>Vous souhaitez vous inscrire au club LAE ou renouveler votre licence, t\u00e9l\u00e9chargez ici le formulaire de demande (cliquez sur le lien) :&nbsp;<a href=\"https:\/\/limagne-athlete-endurance.fr\/lae_wp\/wp-content\/uploads\/2025\/08\/BULLETIN-INSCRIPTION-LAE-2025-2026.docx\">formulaire<\/a><\/p>\n\n\n\n<p>Pour valider votre licence, nous avons besoin des \u00e9l\u00e9ments ci-dessous :<\/p>\n\n\n\n<p><br><em>\u2013 l<strong>e formulaire de demande \/ de renouvellement de licence compl\u00e9t\u00e9<\/strong><\/em><\/p>\n\n\n\n<p><br><em>\u2013<strong>&nbsp;le r\u00e8glement par ch\u00e8que de 75 \u20ac ou 110 \u20ac selon la licence souhait\u00e9e + 1 ch\u00e8que de 20 \u20ac pour le maillot (\u00e0 l\u2019ordre de Limagne-Athl\u00e8te-Endurance)<\/strong><\/em><\/p>\n\n\n\n<p><br><em><strong>\u2013 dans le cas d\u2019un renouvellement de licence, la proc\u00e9dure a chang\u00e9 depuis le 1er septembre 2023. Le certificat m\u00e9dical ou le questionnaire de sant\u00e9 ne sont plus n\u00e9cessaires, il suffit de suivre le \u201cParcours Pr\u00e9vention Sant\u00e9\u201d dans votre espace licenci\u00e9 sur le site ffa. Vous avez d\u00fb recevoir un mail d\u2019information. Consultez&nbsp;<a href=\"https:\/\/limagne-athlete-endurance.fr\/lae_wp\/wp-content\/uploads\/2023\/09\/Renouvellement-de-Licence.pdf\">la proc\u00e9dure ici.<\/a>&nbsp;<\/strong><\/em><\/p>\n\n\n\n<p><br><em><strong>\u2013&nbsp;une photo d\u2019identit\u00e9 \u00e0 envoyer par mail \u00e0 limagne.athlete.endurance@gmail.com<\/strong><\/em><\/p>\n\n\n\n<p><\/p>\n\n\n\n<p>Toutes les licences doivent \u00eatre valid\u00e9es au plus tard un mois apr\u00e8s la reprise des entrainements.<em><\/em><\/p>\n\n\n\n<p>D\u00e8s votre licence valid\u00e9e, vous pourrez acc\u00e9der au groupe Facebook Vie du Club (uniquement r\u00e9serv\u00e9 aux licenci\u00e9s de la saison en cours) pour disposer de toutes les actu du club.<\/p>\n\n\n\n<p>Pour toute pr\u00e9cision, n\u2019h\u00e9sitez pas \u00e0 contacter Eric (coordonn\u00e9es pr\u00e9cis\u00e9es dans le fichier \u00e0 t\u00e9l\u00e9charger) ou \u00e0 nous envoyer un message via le formulaire ci-dessous.<\/p>\n\n\n\n<p><\/p>\n\n\n\n<p><\/p>\n\n\n\n<p><\/p>\n\n\n\n<div class=\"wp-block-group is-vertical is-layout-flex wp-container-core-group-is-layout-8cf370e7 wp-block-group-is-layout-flex\"><\/div>\n\n\n\n<h2 class=\"wp-block-heading\">Nous contacter<\/h2>\n\n\n<p>[et_pb_contact_form email=&#8221;limagne.athlete.endurance@gmail.com&#8221; title=&#8221;&#8221; success_message=&#8221;Merci pour votre message. Nous vous r\u00e9pondrons dans les plus brefs d\u00e9lais.&#8221; submit_button_text=&#8221;Envoyer&#8221; _builder_version=&#8221;3.23&#8243; form_field_background_color=&#8221;rgba(0,0,0,0)&#8221; title_font=&#8221;Oswald||||||||&#8221; title_text_color=&#8221;#b27608&#8243; form_field_font=&#8221;||||||||&#8221; custom_button=&#8221;on&#8221; button_text_size=&#8221;14px&#8221; button_text_color=&#8221;#ffffff&#8221; button_bg_color=&#8221;#a06d51&#8243; button_border_width=&#8221;7px&#8221; button_border_color=&#8221;rgba(0,0,0,0)&#8221; button_border_radius=&#8221;0px&#8221; button_letter_spacing=&#8221;1px&#8221; button_font=&#8221;PT Sans|700||on|||||&#8221; button_icon=&#8221;%%3%%&#8221; button_on_hover=&#8221;off&#8221; min_height=&#8221;440px&#8221; custom_padding=&#8221;15px|||||&#8221; border_width_all=&#8221;1px&#8221; border_color_all=&#8221;rgba(51,51,51,0.17)&#8221; form_background_color=&#8221;rgba(0,0,0,0)&#8221;][et_pb_contact_field field_id=&#8221;Name&#8221; field_title=&#8221;Nom&#8221; fullwidth_field=&#8221;on&#8221; _builder_version=&#8221;3.21.4&#8243; custom_margin=&#8221;||40px&#8221; button_text_size__hover_enabled=&#8221;off&#8221; button_one_text_size__hover_enabled=&#8221;off&#8221; button_two_text_size__hover_enabled=&#8221;off&#8221; button_text_color__hover_enabled=&#8221;off&#8221; button_one_text_color__hover_enabled=&#8221;off&#8221; button_two_text_color__hover_enabled=&#8221;off&#8221; button_border_width__hover_enabled=&#8221;off&#8221; button_one_border_width__hover_enabled=&#8221;off&#8221; button_two_border_width__hover_enabled=&#8221;off&#8221; button_border_color__hover_enabled=&#8221;off&#8221; button_one_border_color__hover_enabled=&#8221;off&#8221; button_two_border_color__hover_enabled=&#8221;off&#8221; button_border_radius__hover_enabled=&#8221;off&#8221; button_one_border_radius__hover_enabled=&#8221;off&#8221; button_two_border_radius__hover_enabled=&#8221;off&#8221; button_letter_spacing__hover_enabled=&#8221;off&#8221; button_one_letter_spacing__hover_enabled=&#8221;off&#8221; button_two_letter_spacing__hover_enabled=&#8221;off&#8221; button_bg_color__hover_enabled=&#8221;off&#8221; button_one_bg_color__hover_enabled=&#8221;off&#8221; button_two_bg_color__hover_enabled=&#8221;off&#8221;][\/et_pb_contact_field][et_pb_contact_field field_id=&#8221;Email&#8221; field_title=&#8221;Email&#8221; field_type=&#8221;email&#8221; fullwidth_field=&#8221;on&#8221; _builder_version=&#8221;3.21.4&#8243; custom_margin=&#8221;||40px&#8221; button_text_size__hover_enabled=&#8221;off&#8221; button_one_text_size__hover_enabled=&#8221;off&#8221; button_two_text_size__hover_enabled=&#8221;off&#8221; button_text_color__hover_enabled=&#8221;off&#8221; button_one_text_color__hover_enabled=&#8221;off&#8221; button_two_text_color__hover_enabled=&#8221;off&#8221; button_border_width__hover_enabled=&#8221;off&#8221; button_one_border_width__hover_enabled=&#8221;off&#8221; button_two_border_width__hover_enabled=&#8221;off&#8221; button_border_color__hover_enabled=&#8221;off&#8221; button_one_border_color__hover_enabled=&#8221;off&#8221; button_two_border_color__hover_enabled=&#8221;off&#8221; button_border_radius__hover_enabled=&#8221;off&#8221; button_one_border_radius__hover_enabled=&#8221;off&#8221; button_two_border_radius__hover_enabled=&#8221;off&#8221; button_letter_spacing__hover_enabled=&#8221;off&#8221; button_one_letter_spacing__hover_enabled=&#8221;off&#8221; button_two_letter_spacing__hover_enabled=&#8221;off&#8221; button_bg_color__hover_enabled=&#8221;off&#8221; button_one_bg_color__hover_enabled=&#8221;off&#8221; button_two_bg_color__hover_enabled=&#8221;off&#8221;][\/et_pb_contact_field][et_pb_contact_field field_id=&#8221;Message&#8221; field_title=&#8221;Message&#8221; field_type=&#8221;text&#8221; fullwidth_field=&#8221;on&#8221; _builder_version=&#8221;3.19.15&#8243; custom_margin=&#8221;||40px&#8221; button_text_size__hover_enabled=&#8221;off&#8221; button_one_text_size__hover_enabled=&#8221;off&#8221; button_two_text_size__hover_enabled=&#8221;off&#8221; button_text_color__hover_enabled=&#8221;off&#8221; button_one_text_color__hover_enabled=&#8221;off&#8221; button_two_text_color__hover_enabled=&#8221;off&#8221; button_border_width__hover_enabled=&#8221;off&#8221; button_one_border_width__hover_enabled=&#8221;off&#8221; button_two_border_width__hover_enabled=&#8221;off&#8221; button_border_color__hover_enabled=&#8221;off&#8221; button_one_border_color__hover_enabled=&#8221;off&#8221; button_two_border_color__hover_enabled=&#8221;off&#8221; button_border_radius__hover_enabled=&#8221;off&#8221; button_one_border_radius__hover_enabled=&#8221;off&#8221; button_two_border_radius__hover_enabled=&#8221;off&#8221; button_letter_spacing__hover_enabled=&#8221;off&#8221; button_one_letter_spacing__hover_enabled=&#8221;off&#8221; button_two_letter_spacing__hover_enabled=&#8221;off&#8221; button_bg_color__hover_enabled=&#8221;off&#8221; button_one_bg_color__hover_enabled=&#8221;off&#8221; button_two_bg_color__hover_enabled=&#8221;off&#8221;][\/et_pb_contact_field][\/et_pb_contact_form]<\/p>\n\n\n\n<div class=\"wp-block-group is-vertical is-layout-flex wp-container-core-group-is-layout-8cf370e7 wp-block-group-is-layout-flex\"><\/div>\n\n\n\n<p><\/p>\n\n\n\n<p><\/p>\n\n\n\n<p><br><\/p>\n\n\n\n<div class=\"wp-block-columns is-layout-flex wp-container-core-columns-is-layout-9d6595d7 wp-block-columns-is-layout-flex\">\n<div class=\"wp-block-column is-layout-flow wp-block-column-is-layout-flow\">\n<h4 class=\"wp-block-heading\">Entrainements<\/h4>\n\n\n\n<p>Lundi : 19h-20h (salle de Chavaroux)<\/p>\n\n\n\n<p>Mercredi : 19h-20h30<\/p>\n\n\n\n<p>Samedi : 10h-11h30<\/p>\n<\/div>\n\n\n\n<div class=\"wp-block-column is-layout-flow wp-block-column-is-layout-flow\">\n<h4 class=\"wp-block-heading\">O\u00f9<\/h4>\n\n\n\n<p>Stade municipal<\/p>\n\n\n\n<p>Chappes &#8211; 63720<\/p>\n<\/div>\n\n\n\n<div class=\"wp-block-column is-layout-flow wp-block-column-is-layout-flow\">\n<h4 class=\"wp-block-heading\">Toute notre actualit\u00e9<\/h4>\n\n\n\n<ul class=\"wp-block-social-links is-layout-flex wp-block-social-links-is-layout-flex\"><li class=\"wp-social-link wp-social-link-facebook  wp-block-social-link\"><a href=\"https:\/\/www.facebook.com\/LimagneAthleteEndurance\" class=\"wp-block-social-link-anchor\"><svg width=\"24\" height=\"24\" viewBox=\"0 0 24 24\" version=\"1.1\" xmlns=\"http:\/\/www.w3.org\/2000\/svg\" aria-hidden=\"true\" focusable=\"false\"><path d=\"M12 2C6.5 2 2 6.5 2 12c0 5 3.7 9.1 8.4 9.9v-7H7.9V12h2.5V9.8c0-2.5 1.5-3.9 3.8-3.9 1.1 0 2.2.2 2.2.2v2.5h-1.3c-1.2 0-1.6.8-1.6 1.6V12h2.8l-.4 2.9h-2.3v7C18.3 21.1 22 17 22 12c0-5.5-4.5-10-10-10z\"><\/path><\/svg><span class=\"wp-block-social-link-label screen-reader-text\">Facebook<\/span><\/a><\/li>\n\n<li class=\"wp-social-link wp-social-link-instagram  wp-block-social-link\"><a href=\"https:\/\/www.instagram.com\/limagne.athlete.endurance\/\" class=\"wp-block-social-link-anchor\"><svg width=\"24\" height=\"24\" viewBox=\"0 0 24 24\" version=\"1.1\" xmlns=\"http:\/\/www.w3.org\/2000\/svg\" aria-hidden=\"true\" focusable=\"false\"><path d=\"M12,4.622c2.403,0,2.688,0.009,3.637,0.052c0.877,0.04,1.354,0.187,1.671,0.31c0.42,0.163,0.72,0.358,1.035,0.673 c0.315,0.315,0.51,0.615,0.673,1.035c0.123,0.317,0.27,0.794,0.31,1.671c0.043,0.949,0.052,1.234,0.052,3.637 s-0.009,2.688-0.052,3.637c-0.04,0.877-0.187,1.354-0.31,1.671c-0.163,0.42-0.358,0.72-0.673,1.035 c-0.315,0.315-0.615,0.51-1.035,0.673c-0.317,0.123-0.794,0.27-1.671,0.31c-0.949,0.043-1.233,0.052-3.637,0.052 s-2.688-0.009-3.637-0.052c-0.877-0.04-1.354-0.187-1.671-0.31c-0.42-0.163-0.72-0.358-1.035-0.673 c-0.315-0.315-0.51-0.615-0.673-1.035c-0.123-0.317-0.27-0.794-0.31-1.671C4.631,14.688,4.622,14.403,4.622,12 s0.009-2.688,0.052-3.637c0.04-0.877,0.187-1.354,0.31-1.671c0.163-0.42,0.358-0.72,0.673-1.035 c0.315-0.315,0.615-0.51,1.035-0.673c0.317-0.123,0.794-0.27,1.671-0.31C9.312,4.631,9.597,4.622,12,4.622 M12,3 C9.556,3,9.249,3.01,8.289,3.054C7.331,3.098,6.677,3.25,6.105,3.472C5.513,3.702,5.011,4.01,4.511,4.511 c-0.5,0.5-0.808,1.002-1.038,1.594C3.25,6.677,3.098,7.331,3.054,8.289C3.01,9.249,3,9.556,3,12c0,2.444,0.01,2.751,0.054,3.711 c0.044,0.958,0.196,1.612,0.418,2.185c0.23,0.592,0.538,1.094,1.038,1.594c0.5,0.5,1.002,0.808,1.594,1.038 c0.572,0.222,1.227,0.375,2.185,0.418C9.249,20.99,9.556,21,12,21s2.751-0.01,3.711-0.054c0.958-0.044,1.612-0.196,2.185-0.418 c0.592-0.23,1.094-0.538,1.594-1.038c0.5-0.5,0.808-1.002,1.038-1.594c0.222-0.572,0.375-1.227,0.418-2.185 C20.99,14.751,21,14.444,21,12s-0.01-2.751-0.054-3.711c-0.044-0.958-0.196-1.612-0.418-2.185c-0.23-0.592-0.538-1.094-1.038-1.594 c-0.5-0.5-1.002-0.808-1.594-1.038c-0.572-0.222-1.227-0.375-2.185-0.418C14.751,3.01,14.444,3,12,3L12,3z M12,7.378 c-2.552,0-4.622,2.069-4.622,4.622S9.448,16.622,12,16.622s4.622-2.069,4.622-4.622S14.552,7.378,12,7.378z M12,15 c-1.657,0-3-1.343-3-3s1.343-3,3-3s3,1.343,3,3S13.657,15,12,15z M16.804,6.116c-0.596,0-1.08,0.484-1.08,1.08 s0.484,1.08,1.08,1.08c0.596,0,1.08-0.484,1.08-1.08S17.401,6.116,16.804,6.116z\"><\/path><\/svg><span class=\"wp-block-social-link-label screen-reader-text\">Instagram<\/span><\/a><\/li><\/ul>\n<\/div>\n<\/div>\n","protected":false},"excerpt":{"rendered":"<p>Inscriptions 2025-2026 Vous souhaitez vous inscrire au club LAE ou renouveler votre licence, t\u00e9l\u00e9chargez ici le formulaire de demande (cliquez sur le lien) :&nbsp;formulaire Pour valider votre licence, nous avons besoin des \u00e9l\u00e9ments ci-dessous : \u2013 le formulaire de demande \/ de renouvellement de licence compl\u00e9t\u00e9 \u2013&nbsp;le r\u00e8glement par ch\u00e8que de 75 \u20ac ou 110 [&hellip;]<\/p>\n","protected":false},"author":1,"featured_media":0,"parent":0,"menu_order":0,"comment_status":"closed","ping_status":"closed","template":"","meta":{"_et_pb_use_builder":"","_et_pb_old_content":"","_et_gb_content_width":"","footnotes":""},"class_list":["post-3209","page","type-page","status-publish","hentry"],"_links":{"self":[{"href":"https:\/\/limagne-athlete-endurance.fr\/lae_wp\/wp-json\/wp\/v2\/pages\/3209","targetHints":{"allow":["GET"]}}],"collection":[{"href":"https:\/\/limagne-athlete-endurance.fr\/lae_wp\/wp-json\/wp\/v2\/pages"}],"about":[{"href":"https:\/\/limagne-athlete-endurance.fr\/lae_wp\/wp-json\/wp\/v2\/types\/page"}],"author":[{"embeddable":true,"href":"https:\/\/limagne-athlete-endurance.fr\/lae_wp\/wp-json\/wp\/v2\/users\/1"}],"replies":[{"embeddable":true,"href":"https:\/\/limagne-athlete-endurance.fr\/lae_wp\/wp-json\/wp\/v2\/comments?post=3209"}],"version-history":[{"count":29,"href":"https:\/\/limagne-athlete-endurance.fr\/lae_wp\/wp-json\/wp\/v2\/pages\/3209\/revisions"}],"predecessor-version":[{"id":3591,"href":"https:\/\/limagne-athlete-endurance.fr\/lae_wp\/wp-json\/wp\/v2\/pages\/3209\/revisions\/3591"}],"wp:attachment":[{"href":"https:\/\/limagne-athlete-endurance.fr\/lae_wp\/wp-json\/wp\/v2\/media?parent=3209"}],"curies":[{"name":"wp","href":"https:\/\/api.w.org\/{rel}","templated":true}]}}