{"id":3167,"date":"2025-07-09T08:11:47","date_gmt":"2025-07-09T06:11:47","guid":{"rendered":"https:\/\/limagne-athlete-endurance.fr\/lae_wp\/?page_id=3167"},"modified":"2026-01-17T07:35:15","modified_gmt":"2026-01-17T06:35:15","slug":"course-des-rois-2","status":"publish","type":"page","link":"https:\/\/limagne-athlete-endurance.fr\/lae_wp\/course-des-rois-2\/","title":{"rendered":"Course des Rois"},"content":{"rendered":"\n<h2 class=\"wp-block-heading\">Course des Rois 2026<br><\/h2>\n\n\n\n<h3 class=\"wp-block-heading\">Samedi 10 janvier 2026 \u00e0 Chappes<\/h3>\n\n\n\n<div style=\"height:48px\" aria-hidden=\"true\" class=\"wp-block-spacer\"><\/div>\n\n\n\n<div class=\"wp-block-columns is-layout-flex wp-container-core-columns-is-layout-9d6595d7 wp-block-columns-is-layout-flex\">\n<div class=\"wp-block-column is-layout-flow wp-block-column-is-layout-flow\" style=\"flex-basis:75%\">\n<p><strong>Nous serons heureux de vous retrouver avec un parcours toujours aussi rapide !<br>5 km dans les rues de Chappes puis galette et cidre \u00e0 l\u2019arriv\u00e9e&nbsp;dans la bonne humeur comme habituellement<\/strong><\/p>\n\n\n\n<p><strong>D\u00e9part 16h du complexe sportif de Chappes.<\/strong><\/p>\n\n\n\n<p>Course ouverte \u00e0 tous d\u00e8s la cat\u00e9gorie cadet (n\u00e9 en 2012 et avant).<\/p>\n\n\n\n<p>Pour les non licenci\u00e9s, un PPS date de moins de 3 mois au jour de la course sera n\u00e9cessaire pour compl\u00e9ter le dossier. (<a href=\"https:\/\/pps.athle.fr\/\">https:\/\/pps.athle.fr\/<\/a>)<br>Autorisation parentale obligatoire pour les mineurs.<\/p>\n\n\n\n<p>Tarif : 6 euros<\/p>\n<\/div>\n\n\n\n<div class=\"wp-block-column is-layout-flow wp-block-column-is-layout-flow\" style=\"flex-basis:33.33%\">\n<figure class=\"wp-block-image size-large wp-duotone-unset-1\"><img loading=\"lazy\" decoding=\"async\" width=\"320\" height=\"400\" src=\"https:\/\/limagne-athlete-endurance.fr\/lae_wp\/wp-content\/uploads\/2025\/10\/Course-des-Rois-2026-320x400.png\" alt=\"\" class=\"wp-image-3375\"\/><\/figure>\n<\/div>\n<\/div>\n\n\n\n<p><strong>! Attention,&nbsp; il n\u2019y aura pas d\u2019inscription sur place !<\/strong><\/p>\n\n\n\n<p>Pour les non licenci\u00e9s, PPS dat\u00e9 de moins de 3 mois.&nbsp;Autorisation parentale obligatoire pour les mineurs.<\/p>\n\n\n\n<div style=\"height:39px\" aria-hidden=\"true\" class=\"wp-block-spacer\"><\/div>\n\n\n\n<h2 class=\"wp-block-heading\">R\u00e9sultats<\/h2>\n\n\n\n<div class=\"wp-block-buttons is-content-justification-center is-layout-flex wp-container-core-buttons-is-layout-16018d1d wp-block-buttons-is-layout-flex\">\n<div class=\"wp-block-button\"><a class=\"wp-block-button__link wp-element-button\" href=\"https:\/\/limagne-athlete-endurance.fr\/lae_wp\/wp-content\/uploads\/2026\/01\/CDR26General.pdf\">Classement<br>g\u00e9n\u00e9ral<\/a><\/div>\n<\/div>\n\n\n\n<h4 class=\"wp-block-heading\">LE R\u00c9GLEMENT<\/h4>\n\n\n\n<p>Consulter et\/ou t\u00e9l\u00e9charger le r\u00e8glement&nbsp;<a href=\"https:\/\/limagne-athlete-endurance.fr\/lae_wp\/wp-content\/uploads\/2025\/11\/REGLEMENT_5_KM_COURSE_DES_ROIS_2026.docx.pdf\">ICI<\/a><\/p>\n\n\n\n<div style=\"height:36px\" aria-hidden=\"true\" class=\"wp-block-spacer\"><\/div>\n\n\n\n<h4 class=\"wp-block-heading\">PARCOURS<\/h4>\n\n\n<div class=\"wp-block-image\">\n<figure class=\"aligncenter size-large is-resized\"><img loading=\"lazy\" decoding=\"async\" width=\"400\" height=\"233\" src=\"https:\/\/limagne-athlete-endurance.fr\/lae_wp\/wp-content\/uploads\/2026\/01\/Parcours-CDR-400x233.png\" alt=\"\" class=\"wp-image-3606\" style=\"aspect-ratio:1.646090534979424;width:749px;height:auto\"\/><\/figure>\n<\/div>\n\n\n<div class=\"wp-block-group is-vertical is-layout-flex wp-container-core-group-is-layout-8cf370e7 wp-block-group-is-layout-flex\"><\/div>\n","protected":false},"excerpt":{"rendered":"<p>Course des Rois 2026 Samedi 10 janvier 2026 \u00e0 Chappes Nous serons heureux de vous retrouver avec un parcours toujours aussi rapide !5 km dans les rues de Chappes puis galette et cidre \u00e0 l\u2019arriv\u00e9e&nbsp;dans la bonne humeur comme habituellement D\u00e9part 16h du complexe sportif de Chappes. Course ouverte \u00e0 tous d\u00e8s la cat\u00e9gorie cadet [&hellip;]<\/p>\n","protected":false},"author":1,"featured_media":3375,"parent":0,"menu_order":0,"comment_status":"closed","ping_status":"closed","template":"","meta":{"_et_pb_use_builder":"","_et_pb_old_content":"","_et_gb_content_width":"","footnotes":""},"class_list":["post-3167","page","type-page","status-publish","has-post-thumbnail","hentry"],"_links":{"self":[{"href":"https:\/\/limagne-athlete-endurance.fr\/lae_wp\/wp-json\/wp\/v2\/pages\/3167","targetHints":{"allow":["GET"]}}],"collection":[{"href":"https:\/\/limagne-athlete-endurance.fr\/lae_wp\/wp-json\/wp\/v2\/pages"}],"about":[{"href":"https:\/\/limagne-athlete-endurance.fr\/lae_wp\/wp-json\/wp\/v2\/types\/page"}],"author":[{"embeddable":true,"href":"https:\/\/limagne-athlete-endurance.fr\/lae_wp\/wp-json\/wp\/v2\/users\/1"}],"replies":[{"embeddable":true,"href":"https:\/\/limagne-athlete-endurance.fr\/lae_wp\/wp-json\/wp\/v2\/comments?post=3167"}],"version-history":[{"count":44,"href":"https:\/\/limagne-athlete-endurance.fr\/lae_wp\/wp-json\/wp\/v2\/pages\/3167\/revisions"}],"predecessor-version":[{"id":3607,"href":"https:\/\/limagne-athlete-endurance.fr\/lae_wp\/wp-json\/wp\/v2\/pages\/3167\/revisions\/3607"}],"wp:featuredmedia":[{"embeddable":true,"href":"https:\/\/limagne-athlete-endurance.fr\/lae_wp\/wp-json\/wp\/v2\/media\/3375"}],"wp:attachment":[{"href":"https:\/\/limagne-athlete-endurance.fr\/lae_wp\/wp-json\/wp\/v2\/media?parent=3167"}],"curies":[{"name":"wp","href":"https:\/\/api.w.org\/{rel}","templated":true}]}}