{"id":2950,"date":"2025-05-24T17:37:17","date_gmt":"2025-05-24T15:37:17","guid":{"rendered":"https:\/\/limagne-athlete-endurance.fr\/lae_wp\/?page_id=2950"},"modified":"2026-04-11T15:22:12","modified_gmt":"2026-04-11T13:22:12","slug":"running-limagne-2","status":"publish","type":"page","link":"https:\/\/limagne-athlete-endurance.fr\/lae_wp\/running-limagne-2\/","title":{"rendered":"Running Limagne"},"content":{"rendered":"\n<h2 class=\"wp-block-heading\">RUNNING LIMAGNE &#8211; 3e \u00e9dition<br>Semi-marathon et 10 km<br><\/h2>\n\n\n\n<h3 class=\"wp-block-heading\">Dimanche 19 octobre 2025 \u00e0 partir de 9h00<\/h3>\n\n\n\n<div class=\"wp-block-group\"><div class=\"wp-block-group__inner-container is-layout-constrained wp-block-group-is-layout-constrained\">\n<div class=\"wp-block-columns is-layout-flex wp-container-core-columns-is-layout-9d6595d7 wp-block-columns-is-layout-flex\">\n<div class=\"wp-block-column is-layout-flow wp-block-column-is-layout-flow\" style=\"flex-basis:66.66%\">\n<p><strong>Semi-Marathon ou 10km&#8230; vous aurez le choix pour d\u00e9couvrir ce parcours 100% route sur 3 communes : Chappes, Entraigues et Chavaroux<\/strong><br><br>Semi-marathon et 10 km en individuel<br>Course en individuel \u00e0 partir de la cat\u00e9gorie cadets pour le 10 km et juniors pour le semi-marathon<br>Parcours 100 % route formant une boucle au d\u00e9part de Chappes en direction d\u2019Entraigues puis Chavaroux.<\/p>\n\n\n\n<p>Arriv\u00e9e des 2 courses : devant le complexe sportif de Chappes.<br><br><strong>R\u00c8GLEMENT DE L\u2019\u00c9V\u00c9NEMENT consultable<\/strong> <a href=\"https:\/\/limagne-athlete-endurance.fr\/lae_wp\/wp-content\/uploads\/2025\/07\/REGLEMENT_Running_Limagne_2025.pdf\"><strong>ici<\/strong><\/a><\/p>\n\n\n\n<p><\/p>\n\n\n\n<h4 class=\"wp-block-heading\">R\u00e9sultats 2025<\/h4>\n\n\n\n<div class=\"wp-block-columns is-layout-flex wp-container-core-columns-is-layout-9d6595d7 wp-block-columns-is-layout-flex\">\n<div class=\"wp-block-column is-layout-flow wp-block-column-is-layout-flow\">\n<p class=\"has-text-align-center\"><a href=\"https:\/\/limagne-athlete-endurance.fr\/lae_wp\/wp-content\/uploads\/2025\/10\/resultats-10k-2025.pdf\"><strong>R\u00e9sultats<\/strong> <strong>10<\/strong> <strong>km<\/strong><\/a><\/p>\n<\/div>\n\n\n\n<div class=\"wp-block-column is-layout-flow wp-block-column-is-layout-flow\">\n<p class=\"has-text-align-center\"><strong><a href=\"https:\/\/limagne-athlete-endurance.fr\/lae_wp\/wp-content\/uploads\/2025\/10\/resultats-21k-2025.pdf\">R\u00e9sultats Semi-marathon<\/a><\/strong><\/p>\n<\/div>\n<\/div>\n\n\n\n<h4 class=\"wp-block-heading has-text-align-center\">Rendez-vous le 18 octobre 2026 pour la prochaine \u00e9dition<br>(informations \u00e0 venir)<\/h4>\n\n\n\n<p class=\"has-text-align-center\"> <br><br><\/p>\n<\/div>\n\n\n\n<div class=\"wp-block-column is-layout-flow wp-block-column-is-layout-flow\" style=\"flex-basis:33.33%\">\n<figure class=\"wp-block-image size-large is-resized\"><img loading=\"lazy\" decoding=\"async\" width=\"303\" height=\"400\" src=\"https:\/\/limagne-athlete-endurance.fr\/lae_wp\/wp-content\/uploads\/2025\/07\/Affiche_Running_Limagne2025-303x400.png\" alt=\"\" class=\"wp-image-3152\" style=\"aspect-ratio:0.7075;width:311px;height:auto\" srcset=\"https:\/\/limagne-athlete-endurance.fr\/lae_wp\/wp-content\/uploads\/2025\/07\/Affiche_Running_Limagne2025-303x400.png 303w, https:\/\/limagne-athlete-endurance.fr\/lae_wp\/wp-content\/uploads\/2025\/07\/Affiche_Running_Limagne2025-227x300.png 227w, https:\/\/limagne-athlete-endurance.fr\/lae_wp\/wp-content\/uploads\/2025\/07\/Affiche_Running_Limagne2025.png 350w\" sizes=\"auto, (max-width: 303px) 100vw, 303px\" \/><\/figure>\n<\/div>\n<\/div>\n<\/div><\/div>\n\n\n\n<h4 class=\"wp-block-heading\"><br>Retrait des dossards<\/h4>\n\n\n\n<p>Le jour de la course au gymnase du complexe sportif de Chappes \u00e0&nbsp;partir de 7h00<br><strong>Tout dossier incomplet ne sera pas valid\u00e9 et il ne sera pas possible de participer \u00e0 la course.<\/strong><br><\/p>\n\n\n\n<p><\/p>\n\n\n\n<h4 class=\"wp-block-heading\">Parcours <\/h4>\n\n\n\n<p><br>Le d\u00e9part des 2 courses aura lieu sur la route d\u2019Entraigues \u00e0 la sortie de Chappes, vers le cimeti\u00e8re.&nbsp;<\/p>\n\n\n\n<p>Une boucle de 10 km \u00e0 faire 2 fois pour le semi-marathon.<\/p>\n\n\n\n<p>L\u2019arriv\u00e9e des 2 courses aura lieu devant le complexe sportif de Chappes.<\/p>\n\n\n\n<p>Parcours sur routes d\u00e9partementales avec un tr\u00e8s l\u00e9ger d\u00e9nivel\u00e9, id\u00e9al pour r\u00e9aliser un chrono !<\/p>\n\n\n\n<div class=\"wp-block-group is-vertical is-layout-flex wp-container-core-group-is-layout-8cf370e7 wp-block-group-is-layout-flex\">\n<div class=\"wp-block-columns is-layout-flex wp-container-core-columns-is-layout-9d6595d7 wp-block-columns-is-layout-flex\">\n<div class=\"wp-block-column is-layout-flow wp-block-column-is-layout-flow\">\n<figure class=\"wp-block-image size-large\"><img loading=\"lazy\" decoding=\"async\" width=\"400\" height=\"234\" src=\"https:\/\/limagne-athlete-endurance.fr\/lae_wp\/wp-content\/uploads\/2023\/05\/parcours-Run-In-Limagne-400x234.png\" alt=\"\" class=\"wp-image-2363\"\/><\/figure>\n<\/div>\n\n\n\n<div class=\"wp-block-column is-layout-flow wp-block-column-is-layout-flow\">\n<figure class=\"wp-block-image size-large\"><img loading=\"lazy\" decoding=\"async\" width=\"400\" height=\"241\" src=\"https:\/\/limagne-athlete-endurance.fr\/lae_wp\/wp-content\/uploads\/2023\/05\/parcours-runin-Limagne-2-400x241.png\" alt=\"\" class=\"wp-image-2364\"\/><\/figure>\n<\/div>\n<\/div>\n\n\n\n<p><\/p>\n<\/div>\n\n\n\n<p><\/p>\n\n\n\n<p><br><br><br><\/p>\n\n\n\n<p><\/p>\n","protected":false},"excerpt":{"rendered":"<p>RUNNING LIMAGNE &#8211; 3e \u00e9ditionSemi-marathon et 10 km Dimanche 19 octobre 2025 \u00e0 partir de 9h00 Semi-Marathon ou 10km&#8230; vous aurez le choix pour d\u00e9couvrir ce parcours 100% route sur 3 communes : Chappes, Entraigues et Chavaroux Semi-marathon et 10 km en individuelCourse en individuel \u00e0 partir de la cat\u00e9gorie cadets pour le 10 km [&hellip;]<\/p>\n","protected":false},"author":1,"featured_media":0,"parent":0,"menu_order":0,"comment_status":"closed","ping_status":"closed","template":"","meta":{"_et_pb_use_builder":"","_et_pb_old_content":"","_et_gb_content_width":"","footnotes":""},"class_list":["post-2950","page","type-page","status-publish","hentry"],"_links":{"self":[{"href":"https:\/\/limagne-athlete-endurance.fr\/lae_wp\/wp-json\/wp\/v2\/pages\/2950","targetHints":{"allow":["GET"]}}],"collection":[{"href":"https:\/\/limagne-athlete-endurance.fr\/lae_wp\/wp-json\/wp\/v2\/pages"}],"about":[{"href":"https:\/\/limagne-athlete-endurance.fr\/lae_wp\/wp-json\/wp\/v2\/types\/page"}],"author":[{"embeddable":true,"href":"https:\/\/limagne-athlete-endurance.fr\/lae_wp\/wp-json\/wp\/v2\/users\/1"}],"replies":[{"embeddable":true,"href":"https:\/\/limagne-athlete-endurance.fr\/lae_wp\/wp-json\/wp\/v2\/comments?post=2950"}],"version-history":[{"count":44,"href":"https:\/\/limagne-athlete-endurance.fr\/lae_wp\/wp-json\/wp\/v2\/pages\/2950\/revisions"}],"predecessor-version":[{"id":3616,"href":"https:\/\/limagne-athlete-endurance.fr\/lae_wp\/wp-json\/wp\/v2\/pages\/2950\/revisions\/3616"}],"wp:attachment":[{"href":"https:\/\/limagne-athlete-endurance.fr\/lae_wp\/wp-json\/wp\/v2\/media?parent=2950"}],"curies":[{"name":"wp","href":"https:\/\/api.w.org\/{rel}","templated":true}]}}